{"id":9688,"date":"2023-05-17T22:40:11","date_gmt":"2023-05-17T20:40:11","guid":{"rendered":"https:\/\/caraudioworld.eu\/produkt\/audiosystem-af8000\/"},"modified":"2023-05-17T22:40:11","modified_gmt":"2023-05-17T20:40:11","slug":"audiosystem-af8000","status":"publish","type":"product","link":"https:\/\/caraudioworld.eu\/cs\/produkt\/audiosystem-af8000\/","title":{"rendered":"Audiosystem AF8000"},"content":{"rendered":"","protected":false},"excerpt":{"rendered":"<p>Nov\u00fd vysoce v\u00fdkonn\u00fd mono zesilova\u010d od zna\u010dky Audiosystem nab\u00edzej\u00edc\u00ed extr\u00e9mn\u00ed v\u00fdkon p\u0159i zachov\u00e1n\u00ed minim\u00e1ln\u00edch rozm\u011br\u016f.<\/p>\n<p>RMS v\u00fdkon:<br \/>\n4 Ohm 4500 Watt<br \/>\n2 Ohm 6000 Watt<br \/>\n1 Ohm 8000 Watt<\/p>\n<p>Frekven\u010dn\u00ed odezva 20 &#8211; 20 000 kHz<\/p>\n<p>Zes\u00edlen\u00ed bas\u016f 0 &#8211; 12 dB<\/p>\n<p>Maxim\u00e1ln\u00ed spot\u0159eba 295 A<\/p>\n<p>Rozm\u011bry 220 x 190 x 75 mm<\/p>\n","protected":false},"featured_media":9656,"comment_status":"closed","ping_status":"closed","template":"","meta":[],"product_brand":[],"product_cat":[425,420],"product_tag":[332],"class_list":{"0":"post-9688","1":"product","2":"type-product","3":"status-publish","4":"has-post-thumbnail","6":"product_cat-monoblok-cs","7":"product_cat-zesilovace","8":"product_tag-audiosystem-cs","10":"first","11":"instock","12":"taxable","13":"shipping-taxable","14":"purchasable","15":"product-type-simple"},"yoast_head":"<!-- This site is optimized with the Yoast SEO plugin v27.3 - https:\/\/yoast.com\/product\/yoast-seo-wordpress\/ -->\n<title>Audiosystem AF8000 - CARAUDIOWORLD<\/title>\n<meta name=\"description\" content=\"Nov\u00fd vysoce v\u00fdkonn\u00fd mono zesilova\u010d od zna\u010dky Audiosystem nab\u00edzej\u00edc\u00ed extr\u00e9mn\u00ed v\u00fdkon p\u0159i zachov\u00e1n\u00ed minim\u00e1ln\u00edch rozm\u011br\u016f.  RMS v\u00fdkon: 4 Ohm 4500 Watt 2 Ohm 6000 Watt 1 Ohm 8000 Watt  Frekven\u010dn\u00ed odezva 20 - 20 000 kHz  Zes\u00edlen\u00ed bas\u016f 0 - 12 dB  Maxim\u00e1ln\u00ed spot\u0159eba 295 A  Rozm\u011bry 220 x 190 x 75 mm\" \/>\n<meta name=\"robots\" content=\"index, follow, max-snippet:-1, max-image-preview:large, max-video-preview:-1\" \/>\n<link rel=\"canonical\" href=\"https:\/\/caraudioworld.eu\/cs\/produkt\/audiosystem-af8000\/\" \/>\n<meta property=\"og:locale\" content=\"cs_CZ\" \/>\n<meta property=\"og:type\" content=\"article\" \/>\n<meta property=\"og:title\" content=\"Audiosystem AF8000 - CARAUDIOWORLD\" \/>\n<meta property=\"og:description\" content=\"Nov\u00fd vysoce v\u00fdkonn\u00fd mono zesilova\u010d od zna\u010dky Audiosystem nab\u00edzej\u00edc\u00ed extr\u00e9mn\u00ed v\u00fdkon p\u0159i zachov\u00e1n\u00ed minim\u00e1ln\u00edch rozm\u011br\u016f.  RMS v\u00fdkon: 4 Ohm 4500 Watt 2 Ohm 6000 Watt 1 Ohm 8000 Watt  Frekven\u010dn\u00ed odezva 20 - 20 000 kHz  Zes\u00edlen\u00ed bas\u016f 0 - 12 dB  Maxim\u00e1ln\u00ed spot\u0159eba 295 A  Rozm\u011bry 220 x 190 x 75 mm\" \/>\n<meta property=\"og:url\" content=\"https:\/\/caraudioworld.eu\/cs\/produkt\/audiosystem-af8000\/\" \/>\n<meta property=\"og:site_name\" content=\"CARAUDIOWORLD\" \/>\n<meta property=\"article:publisher\" content=\"https:\/\/www.facebook.com\/caraudioworld.eu\" \/>\n<meta property=\"og:image\" content=\"https:\/\/caraudioworld.eu\/wp-content\/uploads\/2023\/05\/Screenshot-2023-05-17-224135.png\" \/>\n\t<meta property=\"og:image:width\" content=\"2231\" \/>\n\t<meta property=\"og:image:height\" content=\"1200\" \/>\n\t<meta property=\"og:image:type\" content=\"image\/png\" \/>\n<meta name=\"twitter:card\" content=\"summary_large_image\" \/>\n<script type=\"application\/ld+json\" class=\"yoast-schema-graph\">{\"@context\":\"https:\\\/\\\/schema.org\",\"@graph\":[{\"@type\":\"WebPage\",\"@id\":\"https:\\\/\\\/caraudioworld.eu\\\/cs\\\/produkt\\\/audiosystem-af8000\\\/\",\"url\":\"https:\\\/\\\/caraudioworld.eu\\\/cs\\\/produkt\\\/audiosystem-af8000\\\/\",\"name\":\"Audiosystem AF8000 - CARAUDIOWORLD\",\"isPartOf\":{\"@id\":\"https:\\\/\\\/caraudioworld.eu\\\/cs\\\/#website\"},\"primaryImageOfPage\":{\"@id\":\"https:\\\/\\\/caraudioworld.eu\\\/cs\\\/produkt\\\/audiosystem-af8000\\\/#primaryimage\"},\"image\":{\"@id\":\"https:\\\/\\\/caraudioworld.eu\\\/cs\\\/produkt\\\/audiosystem-af8000\\\/#primaryimage\"},\"thumbnailUrl\":\"https:\\\/\\\/caraudioworld.eu\\\/wp-content\\\/uploads\\\/2023\\\/05\\\/Screenshot-2023-05-17-224135.png\",\"datePublished\":\"2023-05-17T20:40:11+00:00\",\"description\":\"Nov\u00fd vysoce v\u00fdkonn\u00fd mono zesilova\u010d od zna\u010dky Audiosystem nab\u00edzej\u00edc\u00ed extr\u00e9mn\u00ed v\u00fdkon p\u0159i zachov\u00e1n\u00ed minim\u00e1ln\u00edch rozm\u011br\u016f. RMS v\u00fdkon: 4 Ohm 4500 Watt 2 Ohm 6000 Watt 1 Ohm 8000 Watt Frekven\u010dn\u00ed odezva 20 - 20 000 kHz Zes\u00edlen\u00ed bas\u016f 0 - 12 dB Maxim\u00e1ln\u00ed spot\u0159eba 295 A Rozm\u011bry 220 x 190 x 75 mm\",\"breadcrumb\":{\"@id\":\"https:\\\/\\\/caraudioworld.eu\\\/cs\\\/produkt\\\/audiosystem-af8000\\\/#breadcrumb\"},\"inLanguage\":\"cs\",\"potentialAction\":[{\"@type\":\"ReadAction\",\"target\":[\"https:\\\/\\\/caraudioworld.eu\\\/cs\\\/produkt\\\/audiosystem-af8000\\\/\"]}]},{\"@type\":\"ImageObject\",\"inLanguage\":\"cs\",\"@id\":\"https:\\\/\\\/caraudioworld.eu\\\/cs\\\/produkt\\\/audiosystem-af8000\\\/#primaryimage\",\"url\":\"https:\\\/\\\/caraudioworld.eu\\\/wp-content\\\/uploads\\\/2023\\\/05\\\/Screenshot-2023-05-17-224135.png\",\"contentUrl\":\"https:\\\/\\\/caraudioworld.eu\\\/wp-content\\\/uploads\\\/2023\\\/05\\\/Screenshot-2023-05-17-224135.png\",\"width\":2231,\"height\":1200,\"caption\":\"Audiosystem AF8000\"},{\"@type\":\"BreadcrumbList\",\"@id\":\"https:\\\/\\\/caraudioworld.eu\\\/cs\\\/produkt\\\/audiosystem-af8000\\\/#breadcrumb\",\"itemListElement\":[{\"@type\":\"ListItem\",\"position\":1,\"name\":\"Home\",\"item\":\"https:\\\/\\\/caraudioworld.eu\\\/cs\\\/\"},{\"@type\":\"ListItem\",\"position\":2,\"name\":\"Obchod\",\"item\":\"https:\\\/\\\/caraudioworld.eu\\\/cs\\\/obchod\\\/\"},{\"@type\":\"ListItem\",\"position\":3,\"name\":\"Audiosystem AF8000\"}]},{\"@type\":\"WebSite\",\"@id\":\"https:\\\/\\\/caraudioworld.eu\\\/cs\\\/#website\",\"url\":\"https:\\\/\\\/caraudioworld.eu\\\/cs\\\/\",\"name\":\"CARAUDIOWORLD\",\"description\":\"Audio Heaven\",\"publisher\":{\"@id\":\"https:\\\/\\\/caraudioworld.eu\\\/cs\\\/#organization\"},\"potentialAction\":[{\"@type\":\"SearchAction\",\"target\":{\"@type\":\"EntryPoint\",\"urlTemplate\":\"https:\\\/\\\/caraudioworld.eu\\\/cs\\\/?s={search_term_string}\"},\"query-input\":{\"@type\":\"PropertyValueSpecification\",\"valueRequired\":true,\"valueName\":\"search_term_string\"}}],\"inLanguage\":\"cs\"},{\"@type\":\"Organization\",\"@id\":\"https:\\\/\\\/caraudioworld.eu\\\/cs\\\/#organization\",\"name\":\"CARAUDIOWORLD.eu\",\"url\":\"https:\\\/\\\/caraudioworld.eu\\\/cs\\\/\",\"logo\":{\"@type\":\"ImageObject\",\"inLanguage\":\"cs\",\"@id\":\"https:\\\/\\\/caraudioworld.eu\\\/cs\\\/#\\\/schema\\\/logo\\\/image\\\/\",\"url\":\"https:\\\/\\\/caraudioworld.eu\\\/wp-content\\\/uploads\\\/2020\\\/10\\\/CAW_rounded.png\",\"contentUrl\":\"https:\\\/\\\/caraudioworld.eu\\\/wp-content\\\/uploads\\\/2020\\\/10\\\/CAW_rounded.png\",\"width\":510,\"height\":510,\"caption\":\"CARAUDIOWORLD.eu\"},\"image\":{\"@id\":\"https:\\\/\\\/caraudioworld.eu\\\/cs\\\/#\\\/schema\\\/logo\\\/image\\\/\"},\"sameAs\":[\"https:\\\/\\\/www.facebook.com\\\/caraudioworld.eu\",\"https:\\\/\\\/www.instagram.com\\\/caraudioworld.eu\\\/\"]}]}<\/script>\n<!-- \/ Yoast SEO plugin. -->","yoast_head_json":{"title":"Audiosystem AF8000 - CARAUDIOWORLD","description":"Nov\u00fd vysoce v\u00fdkonn\u00fd mono zesilova\u010d od zna\u010dky Audiosystem nab\u00edzej\u00edc\u00ed extr\u00e9mn\u00ed v\u00fdkon p\u0159i zachov\u00e1n\u00ed minim\u00e1ln\u00edch rozm\u011br\u016f.  RMS v\u00fdkon: 4 Ohm 4500 Watt 2 Ohm 6000 Watt 1 Ohm 8000 Watt  Frekven\u010dn\u00ed odezva 20 - 20 000 kHz  Zes\u00edlen\u00ed bas\u016f 0 - 12 dB  Maxim\u00e1ln\u00ed spot\u0159eba 295 A  Rozm\u011bry 220 x 190 x 75 mm","robots":{"index":"index","follow":"follow","max-snippet":"max-snippet:-1","max-image-preview":"max-image-preview:large","max-video-preview":"max-video-preview:-1"},"canonical":"https:\/\/caraudioworld.eu\/cs\/produkt\/audiosystem-af8000\/","og_locale":"cs_CZ","og_type":"article","og_title":"Audiosystem AF8000 - CARAUDIOWORLD","og_description":"Nov\u00fd vysoce v\u00fdkonn\u00fd mono zesilova\u010d od zna\u010dky Audiosystem nab\u00edzej\u00edc\u00ed extr\u00e9mn\u00ed v\u00fdkon p\u0159i zachov\u00e1n\u00ed minim\u00e1ln\u00edch rozm\u011br\u016f.  RMS v\u00fdkon: 4 Ohm 4500 Watt 2 Ohm 6000 Watt 1 Ohm 8000 Watt  Frekven\u010dn\u00ed odezva 20 - 20 000 kHz  Zes\u00edlen\u00ed bas\u016f 0 - 12 dB  Maxim\u00e1ln\u00ed spot\u0159eba 295 A  Rozm\u011bry 220 x 190 x 75 mm","og_url":"https:\/\/caraudioworld.eu\/cs\/produkt\/audiosystem-af8000\/","og_site_name":"CARAUDIOWORLD","article_publisher":"https:\/\/www.facebook.com\/caraudioworld.eu","og_image":[{"width":2231,"height":1200,"url":"https:\/\/caraudioworld.eu\/wp-content\/uploads\/2023\/05\/Screenshot-2023-05-17-224135.png","type":"image\/png"}],"twitter_card":"summary_large_image","schema":{"@context":"https:\/\/schema.org","@graph":[{"@type":"WebPage","@id":"https:\/\/caraudioworld.eu\/cs\/produkt\/audiosystem-af8000\/","url":"https:\/\/caraudioworld.eu\/cs\/produkt\/audiosystem-af8000\/","name":"Audiosystem AF8000 - CARAUDIOWORLD","isPartOf":{"@id":"https:\/\/caraudioworld.eu\/cs\/#website"},"primaryImageOfPage":{"@id":"https:\/\/caraudioworld.eu\/cs\/produkt\/audiosystem-af8000\/#primaryimage"},"image":{"@id":"https:\/\/caraudioworld.eu\/cs\/produkt\/audiosystem-af8000\/#primaryimage"},"thumbnailUrl":"https:\/\/caraudioworld.eu\/wp-content\/uploads\/2023\/05\/Screenshot-2023-05-17-224135.png","datePublished":"2023-05-17T20:40:11+00:00","description":"Nov\u00fd vysoce v\u00fdkonn\u00fd mono zesilova\u010d od zna\u010dky Audiosystem nab\u00edzej\u00edc\u00ed extr\u00e9mn\u00ed v\u00fdkon p\u0159i zachov\u00e1n\u00ed minim\u00e1ln\u00edch rozm\u011br\u016f. RMS v\u00fdkon: 4 Ohm 4500 Watt 2 Ohm 6000 Watt 1 Ohm 8000 Watt Frekven\u010dn\u00ed odezva 20 - 20 000 kHz Zes\u00edlen\u00ed bas\u016f 0 - 12 dB Maxim\u00e1ln\u00ed spot\u0159eba 295 A Rozm\u011bry 220 x 190 x 75 mm","breadcrumb":{"@id":"https:\/\/caraudioworld.eu\/cs\/produkt\/audiosystem-af8000\/#breadcrumb"},"inLanguage":"cs","potentialAction":[{"@type":"ReadAction","target":["https:\/\/caraudioworld.eu\/cs\/produkt\/audiosystem-af8000\/"]}]},{"@type":"ImageObject","inLanguage":"cs","@id":"https:\/\/caraudioworld.eu\/cs\/produkt\/audiosystem-af8000\/#primaryimage","url":"https:\/\/caraudioworld.eu\/wp-content\/uploads\/2023\/05\/Screenshot-2023-05-17-224135.png","contentUrl":"https:\/\/caraudioworld.eu\/wp-content\/uploads\/2023\/05\/Screenshot-2023-05-17-224135.png","width":2231,"height":1200,"caption":"Audiosystem AF8000"},{"@type":"BreadcrumbList","@id":"https:\/\/caraudioworld.eu\/cs\/produkt\/audiosystem-af8000\/#breadcrumb","itemListElement":[{"@type":"ListItem","position":1,"name":"Home","item":"https:\/\/caraudioworld.eu\/cs\/"},{"@type":"ListItem","position":2,"name":"Obchod","item":"https:\/\/caraudioworld.eu\/cs\/obchod\/"},{"@type":"ListItem","position":3,"name":"Audiosystem AF8000"}]},{"@type":"WebSite","@id":"https:\/\/caraudioworld.eu\/cs\/#website","url":"https:\/\/caraudioworld.eu\/cs\/","name":"CARAUDIOWORLD","description":"Audio Heaven","publisher":{"@id":"https:\/\/caraudioworld.eu\/cs\/#organization"},"potentialAction":[{"@type":"SearchAction","target":{"@type":"EntryPoint","urlTemplate":"https:\/\/caraudioworld.eu\/cs\/?s={search_term_string}"},"query-input":{"@type":"PropertyValueSpecification","valueRequired":true,"valueName":"search_term_string"}}],"inLanguage":"cs"},{"@type":"Organization","@id":"https:\/\/caraudioworld.eu\/cs\/#organization","name":"CARAUDIOWORLD.eu","url":"https:\/\/caraudioworld.eu\/cs\/","logo":{"@type":"ImageObject","inLanguage":"cs","@id":"https:\/\/caraudioworld.eu\/cs\/#\/schema\/logo\/image\/","url":"https:\/\/caraudioworld.eu\/wp-content\/uploads\/2020\/10\/CAW_rounded.png","contentUrl":"https:\/\/caraudioworld.eu\/wp-content\/uploads\/2020\/10\/CAW_rounded.png","width":510,"height":510,"caption":"CARAUDIOWORLD.eu"},"image":{"@id":"https:\/\/caraudioworld.eu\/cs\/#\/schema\/logo\/image\/"},"sameAs":["https:\/\/www.facebook.com\/caraudioworld.eu","https:\/\/www.instagram.com\/caraudioworld.eu\/"]}]}},"_links":{"self":[{"href":"https:\/\/caraudioworld.eu\/cs\/wp-json\/wp\/v2\/product\/9688","targetHints":{"allow":["GET"]}}],"collection":[{"href":"https:\/\/caraudioworld.eu\/cs\/wp-json\/wp\/v2\/product"}],"about":[{"href":"https:\/\/caraudioworld.eu\/cs\/wp-json\/wp\/v2\/types\/product"}],"replies":[{"embeddable":true,"href":"https:\/\/caraudioworld.eu\/cs\/wp-json\/wp\/v2\/comments?post=9688"}],"wp:featuredmedia":[{"embeddable":true,"href":"https:\/\/caraudioworld.eu\/cs\/wp-json\/wp\/v2\/media\/9656"}],"wp:attachment":[{"href":"https:\/\/caraudioworld.eu\/cs\/wp-json\/wp\/v2\/media?parent=9688"}],"wp:term":[{"taxonomy":"product_brand","embeddable":true,"href":"https:\/\/caraudioworld.eu\/cs\/wp-json\/wp\/v2\/product_brand?post=9688"},{"taxonomy":"product_cat","embeddable":true,"href":"https:\/\/caraudioworld.eu\/cs\/wp-json\/wp\/v2\/product_cat?post=9688"},{"taxonomy":"product_tag","embeddable":true,"href":"https:\/\/caraudioworld.eu\/cs\/wp-json\/wp\/v2\/product_tag?post=9688"}],"curies":[{"name":"wp","href":"https:\/\/api.w.org\/{rel}","templated":true}]}}