{"id":9838,"date":"2023-08-08T19:15:24","date_gmt":"2023-08-08T17:15:24","guid":{"rendered":"https:\/\/caraudioworld.eu\/produkt\/awave-v10\/"},"modified":"2023-08-08T19:15:24","modified_gmt":"2023-08-08T17:15:24","slug":"awave-v10","status":"publish","type":"product","link":"https:\/\/caraudioworld.eu\/cs\/produkt\/awave-v10\/","title":{"rendered":"Awave V10"},"content":{"rendered":"","protected":false},"excerpt":{"rendered":"<p>Nejmen\u0161\u00ed subwoofer z rodiny Awave aktivn\u00edch subwoofer\u016f s 6,5&#8243; reproduktorem se hod\u00ed i do t\u011bch nejmen\u0161\u00edch prostor.<\/p>\n<p>V\u00fdkon: 100W RMS<br \/>\nTHD: &lt;0.4%<br \/>\nFrekven\u010dn\u00ed rozsah: 20 &#8211; 200Hz<br \/>\nRozm\u011bry: 270 x 200 x 75 mm<\/p>\n","protected":false},"featured_media":9812,"comment_status":"closed","ping_status":"closed","template":"","meta":[],"product_brand":[],"product_cat":[403,417],"product_tag":[333],"class_list":{"0":"post-9838","1":"product","2":"type-product","3":"status-publish","4":"has-post-thumbnail","6":"product_cat-reproduktory-cs","7":"product_cat-subwoofer-cs","8":"product_tag-awave-cs","10":"first","11":"instock","12":"sale","13":"taxable","14":"shipping-taxable","15":"purchasable","16":"product-type-simple"},"yoast_head":"<!-- This site is optimized with the Yoast SEO plugin v27.3 - https:\/\/yoast.com\/product\/yoast-seo-wordpress\/ -->\n<title>Awave V10 - CARAUDIOWORLD<\/title>\n<meta name=\"description\" content=\"Nejmen\u0161\u00ed subwoofer z rodiny Awave aktivn\u00edch subwoofer\u016f s 6,5&quot; reproduktorem se hod\u00ed i do t\u011bch nejmen\u0161\u00edch prostor.  V\u00fdkon: 100W RMS THD: &lt;0.4% Frekven\u010dn\u00ed rozsah: 20 - 200Hz Rozm\u011bry: 270 x 200 x 75 mm\" \/>\n<meta name=\"robots\" content=\"index, follow, max-snippet:-1, max-image-preview:large, max-video-preview:-1\" \/>\n<link rel=\"canonical\" href=\"https:\/\/caraudioworld.eu\/cs\/produkt\/awave-v10\/\" \/>\n<meta property=\"og:locale\" content=\"cs_CZ\" \/>\n<meta property=\"og:type\" content=\"article\" \/>\n<meta property=\"og:title\" content=\"Awave V10 - CARAUDIOWORLD\" \/>\n<meta property=\"og:description\" content=\"Nejmen\u0161\u00ed subwoofer z rodiny Awave aktivn\u00edch subwoofer\u016f s 6,5&quot; reproduktorem se hod\u00ed i do t\u011bch nejmen\u0161\u00edch prostor.  V\u00fdkon: 100W RMS THD: &lt;0.4% Frekven\u010dn\u00ed rozsah: 20 - 200Hz Rozm\u011bry: 270 x 200 x 75 mm\" \/>\n<meta property=\"og:url\" content=\"https:\/\/caraudioworld.eu\/cs\/produkt\/awave-v10\/\" \/>\n<meta property=\"og:site_name\" content=\"CARAUDIOWORLD\" \/>\n<meta property=\"article:publisher\" content=\"https:\/\/www.facebook.com\/caraudioworld.eu\" \/>\n<meta property=\"og:image\" content=\"https:\/\/caraudioworld.eu\/wp-content\/uploads\/2023\/08\/v10a1.jpg\" \/>\n\t<meta property=\"og:image:width\" content=\"800\" \/>\n\t<meta property=\"og:image:height\" content=\"501\" \/>\n\t<meta property=\"og:image:type\" content=\"image\/jpeg\" \/>\n<meta name=\"twitter:card\" content=\"summary_large_image\" \/>\n<script type=\"application\/ld+json\" class=\"yoast-schema-graph\">{\"@context\":\"https:\\\/\\\/schema.org\",\"@graph\":[{\"@type\":\"WebPage\",\"@id\":\"https:\\\/\\\/caraudioworld.eu\\\/cs\\\/produkt\\\/awave-v10\\\/\",\"url\":\"https:\\\/\\\/caraudioworld.eu\\\/cs\\\/produkt\\\/awave-v10\\\/\",\"name\":\"Awave V10 - CARAUDIOWORLD\",\"isPartOf\":{\"@id\":\"https:\\\/\\\/caraudioworld.eu\\\/cs\\\/#website\"},\"primaryImageOfPage\":{\"@id\":\"https:\\\/\\\/caraudioworld.eu\\\/cs\\\/produkt\\\/awave-v10\\\/#primaryimage\"},\"image\":{\"@id\":\"https:\\\/\\\/caraudioworld.eu\\\/cs\\\/produkt\\\/awave-v10\\\/#primaryimage\"},\"thumbnailUrl\":\"https:\\\/\\\/caraudioworld.eu\\\/wp-content\\\/uploads\\\/2023\\\/08\\\/v10a1.jpg\",\"datePublished\":\"2023-08-08T17:15:24+00:00\",\"description\":\"Nejmen\u0161\u00ed subwoofer z rodiny Awave aktivn\u00edch subwoofer\u016f s 6,5\\\" reproduktorem se hod\u00ed i do t\u011bch nejmen\u0161\u00edch prostor. V\u00fdkon: 100W RMS THD: &lt;0.4% Frekven\u010dn\u00ed rozsah: 20 - 200Hz Rozm\u011bry: 270 x 200 x 75 mm\",\"breadcrumb\":{\"@id\":\"https:\\\/\\\/caraudioworld.eu\\\/cs\\\/produkt\\\/awave-v10\\\/#breadcrumb\"},\"inLanguage\":\"cs\",\"potentialAction\":[{\"@type\":\"ReadAction\",\"target\":[\"https:\\\/\\\/caraudioworld.eu\\\/cs\\\/produkt\\\/awave-v10\\\/\"]}]},{\"@type\":\"ImageObject\",\"inLanguage\":\"cs\",\"@id\":\"https:\\\/\\\/caraudioworld.eu\\\/cs\\\/produkt\\\/awave-v10\\\/#primaryimage\",\"url\":\"https:\\\/\\\/caraudioworld.eu\\\/wp-content\\\/uploads\\\/2023\\\/08\\\/v10a1.jpg\",\"contentUrl\":\"https:\\\/\\\/caraudioworld.eu\\\/wp-content\\\/uploads\\\/2023\\\/08\\\/v10a1.jpg\",\"width\":800,\"height\":501,\"caption\":\"Awave V10\"},{\"@type\":\"BreadcrumbList\",\"@id\":\"https:\\\/\\\/caraudioworld.eu\\\/cs\\\/produkt\\\/awave-v10\\\/#breadcrumb\",\"itemListElement\":[{\"@type\":\"ListItem\",\"position\":1,\"name\":\"Home\",\"item\":\"https:\\\/\\\/caraudioworld.eu\\\/cs\\\/\"},{\"@type\":\"ListItem\",\"position\":2,\"name\":\"Obchod\",\"item\":\"https:\\\/\\\/caraudioworld.eu\\\/cs\\\/obchod\\\/\"},{\"@type\":\"ListItem\",\"position\":3,\"name\":\"Awave V10\"}]},{\"@type\":\"WebSite\",\"@id\":\"https:\\\/\\\/caraudioworld.eu\\\/cs\\\/#website\",\"url\":\"https:\\\/\\\/caraudioworld.eu\\\/cs\\\/\",\"name\":\"CARAUDIOWORLD\",\"description\":\"Audio Heaven\",\"publisher\":{\"@id\":\"https:\\\/\\\/caraudioworld.eu\\\/cs\\\/#organization\"},\"potentialAction\":[{\"@type\":\"SearchAction\",\"target\":{\"@type\":\"EntryPoint\",\"urlTemplate\":\"https:\\\/\\\/caraudioworld.eu\\\/cs\\\/?s={search_term_string}\"},\"query-input\":{\"@type\":\"PropertyValueSpecification\",\"valueRequired\":true,\"valueName\":\"search_term_string\"}}],\"inLanguage\":\"cs\"},{\"@type\":\"Organization\",\"@id\":\"https:\\\/\\\/caraudioworld.eu\\\/cs\\\/#organization\",\"name\":\"CARAUDIOWORLD.eu\",\"url\":\"https:\\\/\\\/caraudioworld.eu\\\/cs\\\/\",\"logo\":{\"@type\":\"ImageObject\",\"inLanguage\":\"cs\",\"@id\":\"https:\\\/\\\/caraudioworld.eu\\\/cs\\\/#\\\/schema\\\/logo\\\/image\\\/\",\"url\":\"https:\\\/\\\/caraudioworld.eu\\\/wp-content\\\/uploads\\\/2020\\\/10\\\/CAW_rounded.png\",\"contentUrl\":\"https:\\\/\\\/caraudioworld.eu\\\/wp-content\\\/uploads\\\/2020\\\/10\\\/CAW_rounded.png\",\"width\":510,\"height\":510,\"caption\":\"CARAUDIOWORLD.eu\"},\"image\":{\"@id\":\"https:\\\/\\\/caraudioworld.eu\\\/cs\\\/#\\\/schema\\\/logo\\\/image\\\/\"},\"sameAs\":[\"https:\\\/\\\/www.facebook.com\\\/caraudioworld.eu\",\"https:\\\/\\\/www.instagram.com\\\/caraudioworld.eu\\\/\"]}]}<\/script>\n<!-- \/ Yoast SEO plugin. -->","yoast_head_json":{"title":"Awave V10 - CARAUDIOWORLD","description":"Nejmen\u0161\u00ed subwoofer z rodiny Awave aktivn\u00edch subwoofer\u016f s 6,5\" reproduktorem se hod\u00ed i do t\u011bch nejmen\u0161\u00edch prostor.  V\u00fdkon: 100W RMS THD: &lt;0.4% Frekven\u010dn\u00ed rozsah: 20 - 200Hz Rozm\u011bry: 270 x 200 x 75 mm","robots":{"index":"index","follow":"follow","max-snippet":"max-snippet:-1","max-image-preview":"max-image-preview:large","max-video-preview":"max-video-preview:-1"},"canonical":"https:\/\/caraudioworld.eu\/cs\/produkt\/awave-v10\/","og_locale":"cs_CZ","og_type":"article","og_title":"Awave V10 - CARAUDIOWORLD","og_description":"Nejmen\u0161\u00ed subwoofer z rodiny Awave aktivn\u00edch subwoofer\u016f s 6,5\" reproduktorem se hod\u00ed i do t\u011bch nejmen\u0161\u00edch prostor.  V\u00fdkon: 100W RMS THD: &lt;0.4% Frekven\u010dn\u00ed rozsah: 20 - 200Hz Rozm\u011bry: 270 x 200 x 75 mm","og_url":"https:\/\/caraudioworld.eu\/cs\/produkt\/awave-v10\/","og_site_name":"CARAUDIOWORLD","article_publisher":"https:\/\/www.facebook.com\/caraudioworld.eu","og_image":[{"width":800,"height":501,"url":"https:\/\/caraudioworld.eu\/wp-content\/uploads\/2023\/08\/v10a1.jpg","type":"image\/jpeg"}],"twitter_card":"summary_large_image","schema":{"@context":"https:\/\/schema.org","@graph":[{"@type":"WebPage","@id":"https:\/\/caraudioworld.eu\/cs\/produkt\/awave-v10\/","url":"https:\/\/caraudioworld.eu\/cs\/produkt\/awave-v10\/","name":"Awave V10 - CARAUDIOWORLD","isPartOf":{"@id":"https:\/\/caraudioworld.eu\/cs\/#website"},"primaryImageOfPage":{"@id":"https:\/\/caraudioworld.eu\/cs\/produkt\/awave-v10\/#primaryimage"},"image":{"@id":"https:\/\/caraudioworld.eu\/cs\/produkt\/awave-v10\/#primaryimage"},"thumbnailUrl":"https:\/\/caraudioworld.eu\/wp-content\/uploads\/2023\/08\/v10a1.jpg","datePublished":"2023-08-08T17:15:24+00:00","description":"Nejmen\u0161\u00ed subwoofer z rodiny Awave aktivn\u00edch subwoofer\u016f s 6,5\" reproduktorem se hod\u00ed i do t\u011bch nejmen\u0161\u00edch prostor. V\u00fdkon: 100W RMS THD: &lt;0.4% Frekven\u010dn\u00ed rozsah: 20 - 200Hz Rozm\u011bry: 270 x 200 x 75 mm","breadcrumb":{"@id":"https:\/\/caraudioworld.eu\/cs\/produkt\/awave-v10\/#breadcrumb"},"inLanguage":"cs","potentialAction":[{"@type":"ReadAction","target":["https:\/\/caraudioworld.eu\/cs\/produkt\/awave-v10\/"]}]},{"@type":"ImageObject","inLanguage":"cs","@id":"https:\/\/caraudioworld.eu\/cs\/produkt\/awave-v10\/#primaryimage","url":"https:\/\/caraudioworld.eu\/wp-content\/uploads\/2023\/08\/v10a1.jpg","contentUrl":"https:\/\/caraudioworld.eu\/wp-content\/uploads\/2023\/08\/v10a1.jpg","width":800,"height":501,"caption":"Awave V10"},{"@type":"BreadcrumbList","@id":"https:\/\/caraudioworld.eu\/cs\/produkt\/awave-v10\/#breadcrumb","itemListElement":[{"@type":"ListItem","position":1,"name":"Home","item":"https:\/\/caraudioworld.eu\/cs\/"},{"@type":"ListItem","position":2,"name":"Obchod","item":"https:\/\/caraudioworld.eu\/cs\/obchod\/"},{"@type":"ListItem","position":3,"name":"Awave V10"}]},{"@type":"WebSite","@id":"https:\/\/caraudioworld.eu\/cs\/#website","url":"https:\/\/caraudioworld.eu\/cs\/","name":"CARAUDIOWORLD","description":"Audio Heaven","publisher":{"@id":"https:\/\/caraudioworld.eu\/cs\/#organization"},"potentialAction":[{"@type":"SearchAction","target":{"@type":"EntryPoint","urlTemplate":"https:\/\/caraudioworld.eu\/cs\/?s={search_term_string}"},"query-input":{"@type":"PropertyValueSpecification","valueRequired":true,"valueName":"search_term_string"}}],"inLanguage":"cs"},{"@type":"Organization","@id":"https:\/\/caraudioworld.eu\/cs\/#organization","name":"CARAUDIOWORLD.eu","url":"https:\/\/caraudioworld.eu\/cs\/","logo":{"@type":"ImageObject","inLanguage":"cs","@id":"https:\/\/caraudioworld.eu\/cs\/#\/schema\/logo\/image\/","url":"https:\/\/caraudioworld.eu\/wp-content\/uploads\/2020\/10\/CAW_rounded.png","contentUrl":"https:\/\/caraudioworld.eu\/wp-content\/uploads\/2020\/10\/CAW_rounded.png","width":510,"height":510,"caption":"CARAUDIOWORLD.eu"},"image":{"@id":"https:\/\/caraudioworld.eu\/cs\/#\/schema\/logo\/image\/"},"sameAs":["https:\/\/www.facebook.com\/caraudioworld.eu","https:\/\/www.instagram.com\/caraudioworld.eu\/"]}]}},"_links":{"self":[{"href":"https:\/\/caraudioworld.eu\/cs\/wp-json\/wp\/v2\/product\/9838","targetHints":{"allow":["GET"]}}],"collection":[{"href":"https:\/\/caraudioworld.eu\/cs\/wp-json\/wp\/v2\/product"}],"about":[{"href":"https:\/\/caraudioworld.eu\/cs\/wp-json\/wp\/v2\/types\/product"}],"replies":[{"embeddable":true,"href":"https:\/\/caraudioworld.eu\/cs\/wp-json\/wp\/v2\/comments?post=9838"}],"wp:featuredmedia":[{"embeddable":true,"href":"https:\/\/caraudioworld.eu\/cs\/wp-json\/wp\/v2\/media\/9812"}],"wp:attachment":[{"href":"https:\/\/caraudioworld.eu\/cs\/wp-json\/wp\/v2\/media?parent=9838"}],"wp:term":[{"taxonomy":"product_brand","embeddable":true,"href":"https:\/\/caraudioworld.eu\/cs\/wp-json\/wp\/v2\/product_brand?post=9838"},{"taxonomy":"product_cat","embeddable":true,"href":"https:\/\/caraudioworld.eu\/cs\/wp-json\/wp\/v2\/product_cat?post=9838"},{"taxonomy":"product_tag","embeddable":true,"href":"https:\/\/caraudioworld.eu\/cs\/wp-json\/wp\/v2\/product_tag?post=9838"}],"curies":[{"name":"wp","href":"https:\/\/api.w.org\/{rel}","templated":true}]}}