{"id":9953,"date":"2024-06-09T20:11:02","date_gmt":"2024-06-09T18:11:03","guid":{"rendered":"https:\/\/caraudioworld.eu\/?post_type=product&#038;p=9953"},"modified":"2024-06-09T20:18:26","modified_gmt":"2024-06-09T18:18:26","slug":"steg-ma6c","status":"publish","type":"product","link":"https:\/\/caraudioworld.eu\/cs\/produkt\/steg-ma6c\/","title":{"rendered":"STEG MA6C"},"content":{"rendered":"","protected":false},"excerpt":{"rendered":"<p>Kvalitn\u00ed n\u00e1hrada origin\u00e1ln\u00edch st\u0159edobasov\u00fdch reproduktor\u016f pro majitele Audi A4, A6, A8, Q5, Q7 (zadn\u00ed dve\u0159e). Nab\u00edzej\u00ed \u010dist\u0161\u00ed a p\u0159esn\u011bj\u0161\u00ed zvuk pln\u00fd po\u017eitku. Cena za 1 p\u00e1r\/set!<\/p>\n<p>Typ: St\u0159edobasov\u00e9 reproduktory<br \/>\nPlug &amp; Play (velmi jednoduch\u00e1 a rychl\u00e1 v\u00fdm\u011bna!)<\/p>\n<p>Frekven\u010dn\u00ed rozsah: 50-4000 Hz<br \/>\nImpedance: 3.6 ohm<br \/>\nV\u00fdkon: 100W RMS<\/p>\n","protected":false},"featured_media":9956,"comment_status":"open","ping_status":"closed","template":"","meta":[],"product_brand":[],"product_cat":[409,408,403],"product_tag":[339],"class_list":{"0":"post-9953","1":"product","2":"type-product","3":"status-publish","4":"has-post-thumbnail","6":"product_cat-audi-cs","7":"product_cat-oem-cs","8":"product_cat-reproduktory-cs","9":"product_tag-steg-cs","11":"first","12":"instock","13":"taxable","14":"shipping-taxable","15":"purchasable","16":"product-type-simple"},"yoast_head":"<!-- This site is optimized with the Yoast SEO plugin v27.3 - https:\/\/yoast.com\/product\/yoast-seo-wordpress\/ -->\n<title>STEG MA6C - CARAUDIOWORLD<\/title>\n<meta name=\"description\" content=\"Kvalitn\u00ed n\u00e1hrada origin\u00e1ln\u00edch st\u0159edobasov\u00fdch reproduktor\u016f pro majitele Audi A4, A6, A8, Q5, Q7 (zadn\u00ed dve\u0159e). Nab\u00edzej\u00ed \u010dist\u0161\u00ed a p\u0159esn\u011bj\u0161\u00ed zvuk pln\u00fd po\u017eitku. Cena za 1 p\u00e1r\/set!  Typ: St\u0159edobasov\u00e9 reproduktory Plug &amp; Play (velmi jednoduch\u00e1 a rychl\u00e1 v\u00fdm\u011bna!)  Frekven\u010dn\u00ed rozsah: 50-4000 Hz Impedance: 3.6 ohm V\u00fdkon: 100W RMS\" \/>\n<meta name=\"robots\" content=\"index, follow, max-snippet:-1, max-image-preview:large, max-video-preview:-1\" \/>\n<link rel=\"canonical\" href=\"https:\/\/caraudioworld.eu\/cs\/produkt\/steg-ma6c\/\" \/>\n<meta property=\"og:locale\" content=\"cs_CZ\" \/>\n<meta property=\"og:type\" content=\"article\" \/>\n<meta property=\"og:title\" content=\"STEG MA6C - CARAUDIOWORLD\" \/>\n<meta property=\"og:description\" content=\"Kvalitn\u00ed n\u00e1hrada origin\u00e1ln\u00edch st\u0159edobasov\u00fdch reproduktor\u016f pro majitele Audi A4, A6, A8, Q5, Q7 (zadn\u00ed dve\u0159e). Nab\u00edzej\u00ed \u010dist\u0161\u00ed a p\u0159esn\u011bj\u0161\u00ed zvuk pln\u00fd po\u017eitku. Cena za 1 p\u00e1r\/set!  Typ: St\u0159edobasov\u00e9 reproduktory Plug &amp; Play (velmi jednoduch\u00e1 a rychl\u00e1 v\u00fdm\u011bna!)  Frekven\u010dn\u00ed rozsah: 50-4000 Hz Impedance: 3.6 ohm V\u00fdkon: 100W RMS\" \/>\n<meta property=\"og:url\" content=\"https:\/\/caraudioworld.eu\/cs\/produkt\/steg-ma6c\/\" \/>\n<meta property=\"og:site_name\" content=\"CARAUDIOWORLD\" \/>\n<meta property=\"article:publisher\" content=\"https:\/\/www.facebook.com\/caraudioworld.eu\" \/>\n<meta property=\"article:modified_time\" content=\"2024-06-09T18:18:26+00:00\" \/>\n<meta property=\"og:image\" content=\"https:\/\/caraudioworld.eu\/wp-content\/uploads\/2024\/06\/ma8c-2.png\" \/>\n\t<meta property=\"og:image:width\" content=\"1361\" \/>\n\t<meta property=\"og:image:height\" content=\"808\" \/>\n\t<meta property=\"og:image:type\" content=\"image\/png\" \/>\n<meta name=\"twitter:card\" content=\"summary_large_image\" \/>\n<script type=\"application\/ld+json\" class=\"yoast-schema-graph\">{\"@context\":\"https:\\\/\\\/schema.org\",\"@graph\":[{\"@type\":\"WebPage\",\"@id\":\"https:\\\/\\\/caraudioworld.eu\\\/cs\\\/produkt\\\/steg-ma6c\\\/\",\"url\":\"https:\\\/\\\/caraudioworld.eu\\\/cs\\\/produkt\\\/steg-ma6c\\\/\",\"name\":\"STEG MA6C - CARAUDIOWORLD\",\"isPartOf\":{\"@id\":\"https:\\\/\\\/caraudioworld.eu\\\/cs\\\/#website\"},\"primaryImageOfPage\":{\"@id\":\"https:\\\/\\\/caraudioworld.eu\\\/cs\\\/produkt\\\/steg-ma6c\\\/#primaryimage\"},\"image\":{\"@id\":\"https:\\\/\\\/caraudioworld.eu\\\/cs\\\/produkt\\\/steg-ma6c\\\/#primaryimage\"},\"thumbnailUrl\":\"https:\\\/\\\/caraudioworld.eu\\\/wp-content\\\/uploads\\\/2024\\\/06\\\/ma8c-2.png\",\"datePublished\":\"2024-06-09T18:11:03+00:00\",\"dateModified\":\"2024-06-09T18:18:26+00:00\",\"description\":\"Kvalitn\u00ed n\u00e1hrada origin\u00e1ln\u00edch st\u0159edobasov\u00fdch reproduktor\u016f pro majitele Audi A4, A6, A8, Q5, Q7 (zadn\u00ed dve\u0159e). Nab\u00edzej\u00ed \u010dist\u0161\u00ed a p\u0159esn\u011bj\u0161\u00ed zvuk pln\u00fd po\u017eitku. Cena za 1 p\u00e1r\\\/set! Typ: St\u0159edobasov\u00e9 reproduktory Plug &amp; Play (velmi jednoduch\u00e1 a rychl\u00e1 v\u00fdm\u011bna!) Frekven\u010dn\u00ed rozsah: 50-4000 Hz Impedance: 3.6 ohm V\u00fdkon: 100W RMS\",\"breadcrumb\":{\"@id\":\"https:\\\/\\\/caraudioworld.eu\\\/cs\\\/produkt\\\/steg-ma6c\\\/#breadcrumb\"},\"inLanguage\":\"cs\",\"potentialAction\":[{\"@type\":\"ReadAction\",\"target\":[\"https:\\\/\\\/caraudioworld.eu\\\/cs\\\/produkt\\\/steg-ma6c\\\/\"]}]},{\"@type\":\"ImageObject\",\"inLanguage\":\"cs\",\"@id\":\"https:\\\/\\\/caraudioworld.eu\\\/cs\\\/produkt\\\/steg-ma6c\\\/#primaryimage\",\"url\":\"https:\\\/\\\/caraudioworld.eu\\\/wp-content\\\/uploads\\\/2024\\\/06\\\/ma8c-2.png\",\"contentUrl\":\"https:\\\/\\\/caraudioworld.eu\\\/wp-content\\\/uploads\\\/2024\\\/06\\\/ma8c-2.png\",\"width\":1361,\"height\":808,\"caption\":\"Steg ma6c\"},{\"@type\":\"BreadcrumbList\",\"@id\":\"https:\\\/\\\/caraudioworld.eu\\\/cs\\\/produkt\\\/steg-ma6c\\\/#breadcrumb\",\"itemListElement\":[{\"@type\":\"ListItem\",\"position\":1,\"name\":\"Home\",\"item\":\"https:\\\/\\\/caraudioworld.eu\\\/cs\\\/\"},{\"@type\":\"ListItem\",\"position\":2,\"name\":\"Obchod\",\"item\":\"https:\\\/\\\/caraudioworld.eu\\\/cs\\\/obchod\\\/\"},{\"@type\":\"ListItem\",\"position\":3,\"name\":\"STEG MA6C\"}]},{\"@type\":\"WebSite\",\"@id\":\"https:\\\/\\\/caraudioworld.eu\\\/cs\\\/#website\",\"url\":\"https:\\\/\\\/caraudioworld.eu\\\/cs\\\/\",\"name\":\"CARAUDIOWORLD\",\"description\":\"Audio Heaven\",\"publisher\":{\"@id\":\"https:\\\/\\\/caraudioworld.eu\\\/cs\\\/#organization\"},\"potentialAction\":[{\"@type\":\"SearchAction\",\"target\":{\"@type\":\"EntryPoint\",\"urlTemplate\":\"https:\\\/\\\/caraudioworld.eu\\\/cs\\\/?s={search_term_string}\"},\"query-input\":{\"@type\":\"PropertyValueSpecification\",\"valueRequired\":true,\"valueName\":\"search_term_string\"}}],\"inLanguage\":\"cs\"},{\"@type\":\"Organization\",\"@id\":\"https:\\\/\\\/caraudioworld.eu\\\/cs\\\/#organization\",\"name\":\"CARAUDIOWORLD.eu\",\"url\":\"https:\\\/\\\/caraudioworld.eu\\\/cs\\\/\",\"logo\":{\"@type\":\"ImageObject\",\"inLanguage\":\"cs\",\"@id\":\"https:\\\/\\\/caraudioworld.eu\\\/cs\\\/#\\\/schema\\\/logo\\\/image\\\/\",\"url\":\"https:\\\/\\\/caraudioworld.eu\\\/wp-content\\\/uploads\\\/2020\\\/10\\\/CAW_rounded.png\",\"contentUrl\":\"https:\\\/\\\/caraudioworld.eu\\\/wp-content\\\/uploads\\\/2020\\\/10\\\/CAW_rounded.png\",\"width\":510,\"height\":510,\"caption\":\"CARAUDIOWORLD.eu\"},\"image\":{\"@id\":\"https:\\\/\\\/caraudioworld.eu\\\/cs\\\/#\\\/schema\\\/logo\\\/image\\\/\"},\"sameAs\":[\"https:\\\/\\\/www.facebook.com\\\/caraudioworld.eu\",\"https:\\\/\\\/www.instagram.com\\\/caraudioworld.eu\\\/\"]}]}<\/script>\n<!-- \/ Yoast SEO plugin. -->","yoast_head_json":{"title":"STEG MA6C - CARAUDIOWORLD","description":"Kvalitn\u00ed n\u00e1hrada origin\u00e1ln\u00edch st\u0159edobasov\u00fdch reproduktor\u016f pro majitele Audi A4, A6, A8, Q5, Q7 (zadn\u00ed dve\u0159e). Nab\u00edzej\u00ed \u010dist\u0161\u00ed a p\u0159esn\u011bj\u0161\u00ed zvuk pln\u00fd po\u017eitku. Cena za 1 p\u00e1r\/set!  Typ: St\u0159edobasov\u00e9 reproduktory Plug &amp; Play (velmi jednoduch\u00e1 a rychl\u00e1 v\u00fdm\u011bna!)  Frekven\u010dn\u00ed rozsah: 50-4000 Hz Impedance: 3.6 ohm V\u00fdkon: 100W RMS","robots":{"index":"index","follow":"follow","max-snippet":"max-snippet:-1","max-image-preview":"max-image-preview:large","max-video-preview":"max-video-preview:-1"},"canonical":"https:\/\/caraudioworld.eu\/cs\/produkt\/steg-ma6c\/","og_locale":"cs_CZ","og_type":"article","og_title":"STEG MA6C - CARAUDIOWORLD","og_description":"Kvalitn\u00ed n\u00e1hrada origin\u00e1ln\u00edch st\u0159edobasov\u00fdch reproduktor\u016f pro majitele Audi A4, A6, A8, Q5, Q7 (zadn\u00ed dve\u0159e). Nab\u00edzej\u00ed \u010dist\u0161\u00ed a p\u0159esn\u011bj\u0161\u00ed zvuk pln\u00fd po\u017eitku. Cena za 1 p\u00e1r\/set!  Typ: St\u0159edobasov\u00e9 reproduktory Plug &amp; Play (velmi jednoduch\u00e1 a rychl\u00e1 v\u00fdm\u011bna!)  Frekven\u010dn\u00ed rozsah: 50-4000 Hz Impedance: 3.6 ohm V\u00fdkon: 100W RMS","og_url":"https:\/\/caraudioworld.eu\/cs\/produkt\/steg-ma6c\/","og_site_name":"CARAUDIOWORLD","article_publisher":"https:\/\/www.facebook.com\/caraudioworld.eu","article_modified_time":"2024-06-09T18:18:26+00:00","og_image":[{"width":1361,"height":808,"url":"https:\/\/caraudioworld.eu\/wp-content\/uploads\/2024\/06\/ma8c-2.png","type":"image\/png"}],"twitter_card":"summary_large_image","schema":{"@context":"https:\/\/schema.org","@graph":[{"@type":"WebPage","@id":"https:\/\/caraudioworld.eu\/cs\/produkt\/steg-ma6c\/","url":"https:\/\/caraudioworld.eu\/cs\/produkt\/steg-ma6c\/","name":"STEG MA6C - CARAUDIOWORLD","isPartOf":{"@id":"https:\/\/caraudioworld.eu\/cs\/#website"},"primaryImageOfPage":{"@id":"https:\/\/caraudioworld.eu\/cs\/produkt\/steg-ma6c\/#primaryimage"},"image":{"@id":"https:\/\/caraudioworld.eu\/cs\/produkt\/steg-ma6c\/#primaryimage"},"thumbnailUrl":"https:\/\/caraudioworld.eu\/wp-content\/uploads\/2024\/06\/ma8c-2.png","datePublished":"2024-06-09T18:11:03+00:00","dateModified":"2024-06-09T18:18:26+00:00","description":"Kvalitn\u00ed n\u00e1hrada origin\u00e1ln\u00edch st\u0159edobasov\u00fdch reproduktor\u016f pro majitele Audi A4, A6, A8, Q5, Q7 (zadn\u00ed dve\u0159e). Nab\u00edzej\u00ed \u010dist\u0161\u00ed a p\u0159esn\u011bj\u0161\u00ed zvuk pln\u00fd po\u017eitku. Cena za 1 p\u00e1r\/set! Typ: St\u0159edobasov\u00e9 reproduktory Plug &amp; Play (velmi jednoduch\u00e1 a rychl\u00e1 v\u00fdm\u011bna!) Frekven\u010dn\u00ed rozsah: 50-4000 Hz Impedance: 3.6 ohm V\u00fdkon: 100W RMS","breadcrumb":{"@id":"https:\/\/caraudioworld.eu\/cs\/produkt\/steg-ma6c\/#breadcrumb"},"inLanguage":"cs","potentialAction":[{"@type":"ReadAction","target":["https:\/\/caraudioworld.eu\/cs\/produkt\/steg-ma6c\/"]}]},{"@type":"ImageObject","inLanguage":"cs","@id":"https:\/\/caraudioworld.eu\/cs\/produkt\/steg-ma6c\/#primaryimage","url":"https:\/\/caraudioworld.eu\/wp-content\/uploads\/2024\/06\/ma8c-2.png","contentUrl":"https:\/\/caraudioworld.eu\/wp-content\/uploads\/2024\/06\/ma8c-2.png","width":1361,"height":808,"caption":"Steg ma6c"},{"@type":"BreadcrumbList","@id":"https:\/\/caraudioworld.eu\/cs\/produkt\/steg-ma6c\/#breadcrumb","itemListElement":[{"@type":"ListItem","position":1,"name":"Home","item":"https:\/\/caraudioworld.eu\/cs\/"},{"@type":"ListItem","position":2,"name":"Obchod","item":"https:\/\/caraudioworld.eu\/cs\/obchod\/"},{"@type":"ListItem","position":3,"name":"STEG MA6C"}]},{"@type":"WebSite","@id":"https:\/\/caraudioworld.eu\/cs\/#website","url":"https:\/\/caraudioworld.eu\/cs\/","name":"CARAUDIOWORLD","description":"Audio Heaven","publisher":{"@id":"https:\/\/caraudioworld.eu\/cs\/#organization"},"potentialAction":[{"@type":"SearchAction","target":{"@type":"EntryPoint","urlTemplate":"https:\/\/caraudioworld.eu\/cs\/?s={search_term_string}"},"query-input":{"@type":"PropertyValueSpecification","valueRequired":true,"valueName":"search_term_string"}}],"inLanguage":"cs"},{"@type":"Organization","@id":"https:\/\/caraudioworld.eu\/cs\/#organization","name":"CARAUDIOWORLD.eu","url":"https:\/\/caraudioworld.eu\/cs\/","logo":{"@type":"ImageObject","inLanguage":"cs","@id":"https:\/\/caraudioworld.eu\/cs\/#\/schema\/logo\/image\/","url":"https:\/\/caraudioworld.eu\/wp-content\/uploads\/2020\/10\/CAW_rounded.png","contentUrl":"https:\/\/caraudioworld.eu\/wp-content\/uploads\/2020\/10\/CAW_rounded.png","width":510,"height":510,"caption":"CARAUDIOWORLD.eu"},"image":{"@id":"https:\/\/caraudioworld.eu\/cs\/#\/schema\/logo\/image\/"},"sameAs":["https:\/\/www.facebook.com\/caraudioworld.eu","https:\/\/www.instagram.com\/caraudioworld.eu\/"]}]}},"_links":{"self":[{"href":"https:\/\/caraudioworld.eu\/cs\/wp-json\/wp\/v2\/product\/9953","targetHints":{"allow":["GET"]}}],"collection":[{"href":"https:\/\/caraudioworld.eu\/cs\/wp-json\/wp\/v2\/product"}],"about":[{"href":"https:\/\/caraudioworld.eu\/cs\/wp-json\/wp\/v2\/types\/product"}],"replies":[{"embeddable":true,"href":"https:\/\/caraudioworld.eu\/cs\/wp-json\/wp\/v2\/comments?post=9953"}],"wp:featuredmedia":[{"embeddable":true,"href":"https:\/\/caraudioworld.eu\/cs\/wp-json\/wp\/v2\/media\/9956"}],"wp:attachment":[{"href":"https:\/\/caraudioworld.eu\/cs\/wp-json\/wp\/v2\/media?parent=9953"}],"wp:term":[{"taxonomy":"product_brand","embeddable":true,"href":"https:\/\/caraudioworld.eu\/cs\/wp-json\/wp\/v2\/product_brand?post=9953"},{"taxonomy":"product_cat","embeddable":true,"href":"https:\/\/caraudioworld.eu\/cs\/wp-json\/wp\/v2\/product_cat?post=9953"},{"taxonomy":"product_tag","embeddable":true,"href":"https:\/\/caraudioworld.eu\/cs\/wp-json\/wp\/v2\/product_tag?post=9953"}],"curies":[{"name":"wp","href":"https:\/\/api.w.org\/{rel}","templated":true}]}}